{"id":46,"date":"2022-06-11T17:41:25","date_gmt":"2022-06-11T15:41:25","guid":{"rendered":"https:\/\/www.klainformatica.it\/?page_id=46"},"modified":"2022-06-12T17:30:13","modified_gmt":"2022-06-12T15:30:13","slug":"homepage","status":"publish","type":"page","link":"https:\/\/www.klainformatica.it\/","title":{"rendered":"Homepage"},"content":{"rendered":"\n<p>K.L.A. Informatica <\/p>\n\n\n\n<p>\u00e8 un&#8217;azienda che si occupa di network security, system integration, voip solution, video security. \u00c8 il vostro affidabile e professionale partner che pone al servizio dei propri Clienti 22 anni di esperienza nel settore del Digital Transformation.<\/p>\n\n\n\n<p>Un progetto efficace di system integration (o integrazione di sistemi) permette di valorizzare gli investimenti tecnologici in applicazioni e piattaforme per poter espandere la propria attivit\u00e0 nell\u2019era digitale. L\u2019integrazione di sistemi informativi \u00e8 il prerequisito per ottenere, sul piano dell\u2019IT ma non solo, la giusta flessibilit\u00e0 per esplorare nuovi modelli di business, con l\u2019obiettivo di servire con sempre maggiore rapidit\u00e0 i propri clienti e ridurre il time-to-market.<\/p>\n\n\n\n<p>Anche se pi\u00f9 che di progetti, bisognerebbe parlare di processo. Quello della digital transformation \u00e8 infatti a tutti gli effetti un percorso evolutivo, che si caratterizza per due aspetti: il primo \u00e8 che nell\u2019ottica di adattare il business alle esigenze dei clienti non si pu\u00f2 mai sapere esattamente dove condurr\u00e0 la strada intrapresa. Il secondo \u00e8 che non esistono veri e propri punti di arrivo. L\u2019organizzazione, come l\u2019architettura IT, devono essere sempre pronte a mutare, a incorporare nuove competenze e funzionalit\u00e0.<\/p>\n","protected":false},"excerpt":{"rendered":"<p>K.L.A. Informatica \u00e8 un&#8217;azienda che si occupa di network security, system integration, voip solution, video security. \u00c8 il vostro affidabile e professionale partner che pone al servizio dei propri Clienti 22 anni di esperienza nel settore del Digital Transformation. Un progetto efficace di system integration (o integrazione di sistemi) permette di valorizzare gli investimenti tecnologici [&hellip;]<\/p>\n","protected":false},"author":1,"featured_media":0,"parent":0,"menu_order":0,"comment_status":"closed","ping_status":"closed","template":"","meta":[],"_links":{"self":[{"href":"https:\/\/www.klainformatica.it\/index.php?rest_route=\/wp\/v2\/pages\/46"}],"collection":[{"href":"https:\/\/www.klainformatica.it\/index.php?rest_route=\/wp\/v2\/pages"}],"about":[{"href":"https:\/\/www.klainformatica.it\/index.php?rest_route=\/wp\/v2\/types\/page"}],"author":[{"embeddable":true,"href":"https:\/\/www.klainformatica.it\/index.php?rest_route=\/wp\/v2\/users\/1"}],"replies":[{"embeddable":true,"href":"https:\/\/www.klainformatica.it\/index.php?rest_route=%2Fwp%2Fv2%2Fcomments&post=46"}],"version-history":[{"count":3,"href":"https:\/\/www.klainformatica.it\/index.php?rest_route=\/wp\/v2\/pages\/46\/revisions"}],"predecessor-version":[{"id":189,"href":"https:\/\/www.klainformatica.it\/index.php?rest_route=\/wp\/v2\/pages\/46\/revisions\/189"}],"wp:attachment":[{"href":"https:\/\/www.klainformatica.it\/index.php?rest_route=%2Fwp%2Fv2%2Fmedia&parent=46"}],"curies":[{"name":"wp","href":"https:\/\/api.w.org\/{rel}","templated":true}]}}